{"id":4087,"date":"2020-08-20T17:37:58","date_gmt":"2020-08-20T15:37:58","guid":{"rendered":"http:\/\/benoitmarsalone.com\/?page_id=4087"},"modified":"2023-02-06T17:46:42","modified_gmt":"2023-02-06T16:46:42","slug":"short-movies-portfolio","status":"publish","type":"page","link":"https:\/\/benoitmarsalone.com\/index.php\/short-movies-portfolio\/","title":{"rendered":"Short Movies"},"content":{"rendered":"\t\t<div data-elementor-type=\"wp-page\" data-elementor-id=\"4087\" class=\"elementor elementor-4087\">\n\t\t\t\t\t\t<div class=\"elementor-inner\">\n\t\t\t\t<div class=\"elementor-section-wrap\">\n\t\t\t\t\t\t\t\t\t<section class=\"elementor-section elementor-top-section elementor-element elementor-element-a078551 elementor-section-boxed elementor-section-height-default elementor-section-height-default qodef-elementor-content-no qodef-vertical-text-holder-no\" data-id=\"a078551\" data-element_type=\"section\">\n\t\t\t\t\t\t<div class=\"elementor-container elementor-column-gap-default\">\n\t\t\t\t\t\t\t<div class=\"elementor-row\">\n\t\t\t\t\t<div class=\"elementor-column elementor-col-100 elementor-top-column elementor-element elementor-element-0061488\" data-id=\"0061488\" data-element_type=\"column\">\n\t\t\t<div class=\"elementor-column-wrap elementor-element-populated\">\n\t\t\t\t\t\t\t<div class=\"elementor-widget-wrap\">\n\t\t\t\t\t\t<div class=\"elementor-element elementor-element-ab9eda2 elementor-widget elementor-widget-heading\" data-id=\"ab9eda2\" data-element_type=\"widget\" data-widget_type=\"heading.default\">\n\t\t\t\t<div class=\"elementor-widget-container\">\n\t\t\t<h2 class=\"elementor-heading-title elementor-size-default\">Short Movies Portfolio<br><\/h2>\t\t<\/div>\n\t\t\t\t<\/div>\n\t\t\t\t<div class=\"elementor-element elementor-element-4e408d5 elementor-widget elementor-widget-pearce_core_separator\" data-id=\"4e408d5\" data-element_type=\"widget\" data-widget_type=\"pearce_core_separator.default\">\n\t\t\t\t<div class=\"elementor-widget-container\">\n\t\t\t<div class=\"qodef-shortcode qodef-m  qodef-separator clear \">\n\t<div class=\"qodef-m-line\" style=\"margin-top: 30px;margin-bottom: 30px\"><\/div>\n<\/div>\t\t<\/div>\n\t\t\t\t<\/div>\n\t\t\t\t<div class=\"elementor-element elementor-element-d752af6 elementor-widget elementor-widget-pearce_core_portfolio_list\" data-id=\"d752af6\" data-element_type=\"widget\" data-widget_type=\"pearce_core_portfolio_list.default\">\n\t\t\t\t<div class=\"elementor-widget-container\">\n\t\t\t<div class=\"qodef-shortcode qodef-m  qodef-portfolio-list qodef-item-layout--info-follow qodef-grid qodef-layout--masonry  qodef-gutter--normal qodef-col-num--3 qodef-item-layout--info-follow qodef-pagination--off qodef-responsive--predefined qodef-hover-animation--follow\" data-options=\"{&quot;plugin&quot;:&quot;pearce_core&quot;,&quot;module&quot;:&quot;post-types\\\/portfolio\\\/shortcodes&quot;,&quot;shortcode&quot;:&quot;portfolio-list&quot;,&quot;post_type&quot;:&quot;portfolio-item&quot;,&quot;next_page&quot;:&quot;2&quot;,&quot;behavior&quot;:&quot;masonry&quot;,&quot;images_proportion&quot;:&quot;full&quot;,&quot;columns&quot;:&quot;3&quot;,&quot;columns_responsive&quot;:&quot;predefined&quot;,&quot;columns_1440&quot;:&quot;3&quot;,&quot;columns_1366&quot;:&quot;3&quot;,&quot;columns_1024&quot;:&quot;3&quot;,&quot;columns_768&quot;:&quot;3&quot;,&quot;columns_680&quot;:&quot;3&quot;,&quot;columns_480&quot;:&quot;3&quot;,&quot;space&quot;:&quot;normal&quot;,&quot;slider_speed&quot;:&quot;5000&quot;,&quot;slider_speed_animation&quot;:&quot;800&quot;,&quot;orderby&quot;:&quot;date&quot;,&quot;order&quot;:&quot;DESC&quot;,&quot;additional_params&quot;:&quot;tax&quot;,&quot;tax&quot;:&quot;portfolio-category&quot;,&quot;tax_slug&quot;:&quot;shorts&quot;,&quot;layout&quot;:&quot;info-follow&quot;,&quot;hover_animation_info-below&quot;:&quot;ripple&quot;,&quot;hover_animation_info-follow&quot;:&quot;follow&quot;,&quot;hover_animation_info-on-hover&quot;:&quot;direction-aware&quot;,&quot;title_tag&quot;:&quot;h5&quot;,&quot;info_below_hide&quot;:&quot;no&quot;,&quot;pagination_scroll&quot;:&quot;no&quot;,&quot;custom_padding&quot;:&quot;no&quot;,&quot;pagination_type&quot;:&quot;no-pagination&quot;,&quot;object_class_name&quot;:&quot;PearceCorePortfolioListShortcode&quot;,&quot;taxonomy_filter&quot;:&quot;portfolio-category&quot;,&quot;additional_query_args&quot;:{&quot;tax_query&quot;:[{&quot;taxonomy&quot;:&quot;portfolio-category&quot;,&quot;field&quot;:&quot;slug&quot;,&quot;terms&quot;:&quot;shorts&quot;}]},&quot;space_value&quot;:15}\">\n\t\t<div class=\"qodef-grid-inner clear\">\n\t\t\t<div class=\"qodef-grid-masonry-sizer\"><\/div>\n\t<div class=\"qodef-grid-masonry-gutter\"><\/div>\n<article class=\"qodef-e qodef-grid-item post-4071 portfolio-item type-portfolio-item status-publish has-post-thumbnail hentry portfolio-category-shorts\">\n\t<div class=\"qodef-e-inner\" >\n\t\t<div class=\"qodef-e-image\">\n\t\t\t\t<div class=\"qodef-e-media-image\">\n\t\t<a itemprop=\"url\" href=\"https:\/\/benoitmarsalone.com\/index.php\/portfolio-item\/dun-commun-accord\/\">\n\t\t\t<img loading=\"lazy\" decoding=\"async\" width=\"1838\" height=\"977\" src=\"https:\/\/benoitmarsalone.com\/wp-content\/uploads\/2020\/08\/1397274_242767985872545_2143098636_o.jpg\" class=\"attachment-full size-full wp-post-image\" alt=\"\" srcset=\"https:\/\/benoitmarsalone.com\/wp-content\/uploads\/2020\/08\/1397274_242767985872545_2143098636_o.jpg 1838w, https:\/\/benoitmarsalone.com\/wp-content\/uploads\/2020\/08\/1397274_242767985872545_2143098636_o-300x159.jpg 300w, https:\/\/benoitmarsalone.com\/wp-content\/uploads\/2020\/08\/1397274_242767985872545_2143098636_o-1024x544.jpg 1024w, https:\/\/benoitmarsalone.com\/wp-content\/uploads\/2020\/08\/1397274_242767985872545_2143098636_o-768x408.jpg 768w, https:\/\/benoitmarsalone.com\/wp-content\/uploads\/2020\/08\/1397274_242767985872545_2143098636_o-1536x816.jpg 1536w, https:\/\/benoitmarsalone.com\/wp-content\/uploads\/2020\/08\/1397274_242767985872545_2143098636_o-600x319.jpg 600w\" sizes=\"(max-width: 1838px) 100vw, 1838px\" \/>\t\t<\/a>\n\t<\/div>\n\t\t<\/div>\n\t\t<div class=\"qodef-e-content\">\n\t\t\t<h5 itemprop=\"name\" class=\"qodef-e-title entry-title\" >\n\t<a itemprop=\"url\" class=\"qodef-e-title-link\" href=\"https:\/\/benoitmarsalone.com\/index.php\/portfolio-item\/dun-commun-accord\/\">\n\t\tD&#8217;un Commun Accord\t<\/a>\n<\/h5>\t\t\t<div class=\"qodef-e-info-category\">\n\t\t\t<a itemprop=\"url\" class=\"qodef-e-category\" href=\"https:\/\/benoitmarsalone.com\/index.php\/portfolio-category\/shorts\/\">\n\t\t\tShorts\t\t<\/a>\n\t<\/div>\n\t\t<\/div>\n\t<\/div>\n<\/article><article class=\"qodef-e qodef-grid-item post-4067 portfolio-item type-portfolio-item status-publish has-post-thumbnail hentry portfolio-category-shorts\">\n\t<div class=\"qodef-e-inner\" >\n\t\t<div class=\"qodef-e-image\">\n\t\t\t\t<div class=\"qodef-e-media-image\">\n\t\t<a itemprop=\"url\" href=\"https:\/\/benoitmarsalone.com\/index.php\/portfolio-item\/loiseau-rare\/\">\n\t\t\t<img loading=\"lazy\" decoding=\"async\" width=\"1440\" height=\"900\" src=\"https:\/\/benoitmarsalone.com\/wp-content\/uploads\/2020\/08\/capture-de28099ecc81cran-2016-01-05-acc80-14.20.39.png\" class=\"attachment-full size-full wp-post-image\" alt=\"\" srcset=\"https:\/\/benoitmarsalone.com\/wp-content\/uploads\/2020\/08\/capture-de28099ecc81cran-2016-01-05-acc80-14.20.39.png 1440w, https:\/\/benoitmarsalone.com\/wp-content\/uploads\/2020\/08\/capture-de28099ecc81cran-2016-01-05-acc80-14.20.39-300x188.png 300w, https:\/\/benoitmarsalone.com\/wp-content\/uploads\/2020\/08\/capture-de28099ecc81cran-2016-01-05-acc80-14.20.39-1024x640.png 1024w, https:\/\/benoitmarsalone.com\/wp-content\/uploads\/2020\/08\/capture-de28099ecc81cran-2016-01-05-acc80-14.20.39-768x480.png 768w, https:\/\/benoitmarsalone.com\/wp-content\/uploads\/2020\/08\/capture-de28099ecc81cran-2016-01-05-acc80-14.20.39-600x375.png 600w\" sizes=\"(max-width: 1440px) 100vw, 1440px\" \/>\t\t<\/a>\n\t<\/div>\n\t\t<\/div>\n\t\t<div class=\"qodef-e-content\">\n\t\t\t<h5 itemprop=\"name\" class=\"qodef-e-title entry-title\" >\n\t<a itemprop=\"url\" class=\"qodef-e-title-link\" href=\"https:\/\/benoitmarsalone.com\/index.php\/portfolio-item\/loiseau-rare\/\">\n\t\tL&#8217;Oiseau Rare\t<\/a>\n<\/h5>\t\t\t<div class=\"qodef-e-info-category\">\n\t\t\t<a itemprop=\"url\" class=\"qodef-e-category\" href=\"https:\/\/benoitmarsalone.com\/index.php\/portfolio-category\/shorts\/\">\n\t\t\tShorts\t\t<\/a>\n\t<\/div>\n\t\t<\/div>\n\t<\/div>\n<\/article><article class=\"qodef-e qodef-grid-item post-4066 portfolio-item type-portfolio-item status-publish has-post-thumbnail hentry portfolio-category-shorts\">\n\t<div class=\"qodef-e-inner\" >\n\t\t<div class=\"qodef-e-image\">\n\t\t\t\t<div class=\"qodef-e-media-image\">\n\t\t<a itemprop=\"url\" href=\"https:\/\/benoitmarsalone.com\/index.php\/portfolio-item\/beyond\/\">\n\t\t\t<img loading=\"lazy\" decoding=\"async\" width=\"862\" height=\"1600\" src=\"https:\/\/benoitmarsalone.com\/wp-content\/uploads\/2020\/08\/kakemono_vert.jpg\" class=\"attachment-full size-full wp-post-image\" alt=\"\" srcset=\"https:\/\/benoitmarsalone.com\/wp-content\/uploads\/2020\/08\/kakemono_vert.jpg 862w, https:\/\/benoitmarsalone.com\/wp-content\/uploads\/2020\/08\/kakemono_vert-162x300.jpg 162w, https:\/\/benoitmarsalone.com\/wp-content\/uploads\/2020\/08\/kakemono_vert-552x1024.jpg 552w, https:\/\/benoitmarsalone.com\/wp-content\/uploads\/2020\/08\/kakemono_vert-768x1426.jpg 768w, https:\/\/benoitmarsalone.com\/wp-content\/uploads\/2020\/08\/kakemono_vert-828x1536.jpg 828w, https:\/\/benoitmarsalone.com\/wp-content\/uploads\/2020\/08\/kakemono_vert-600x1114.jpg 600w\" sizes=\"(max-width: 862px) 100vw, 862px\" \/>\t\t<\/a>\n\t<\/div>\n\t\t<\/div>\n\t\t<div class=\"qodef-e-content\">\n\t\t\t<h5 itemprop=\"name\" class=\"qodef-e-title entry-title\" >\n\t<a itemprop=\"url\" class=\"qodef-e-title-link\" href=\"https:\/\/benoitmarsalone.com\/index.php\/portfolio-item\/beyond\/\">\n\t\tBeyond\t<\/a>\n<\/h5>\t\t\t<div class=\"qodef-e-info-category\">\n\t\t\t<a itemprop=\"url\" class=\"qodef-e-category\" href=\"https:\/\/benoitmarsalone.com\/index.php\/portfolio-category\/shorts\/\">\n\t\t\tShorts\t\t<\/a>\n\t<\/div>\n\t\t<\/div>\n\t<\/div>\n<\/article><article class=\"qodef-e qodef-grid-item post-4065 portfolio-item type-portfolio-item status-publish has-post-thumbnail hentry portfolio-category-shorts\">\n\t<div class=\"qodef-e-inner\" >\n\t\t<div class=\"qodef-e-image\">\n\t\t\t\t<div class=\"qodef-e-media-image\">\n\t\t<a itemprop=\"url\" href=\"https:\/\/benoitmarsalone.com\/index.php\/portfolio-item\/plus-bas-que-le-ciel\/\">\n\t\t\t<img loading=\"lazy\" decoding=\"async\" width=\"678\" height=\"960\" src=\"https:\/\/benoitmarsalone.com\/wp-content\/uploads\/2020\/08\/10639354_797503806979188_4526858856630771212_n.jpg\" class=\"attachment-full size-full wp-post-image\" alt=\"\" srcset=\"https:\/\/benoitmarsalone.com\/wp-content\/uploads\/2020\/08\/10639354_797503806979188_4526858856630771212_n.jpg 678w, https:\/\/benoitmarsalone.com\/wp-content\/uploads\/2020\/08\/10639354_797503806979188_4526858856630771212_n-212x300.jpg 212w, https:\/\/benoitmarsalone.com\/wp-content\/uploads\/2020\/08\/10639354_797503806979188_4526858856630771212_n-600x850.jpg 600w\" sizes=\"(max-width: 678px) 100vw, 678px\" \/>\t\t<\/a>\n\t<\/div>\n\t\t<\/div>\n\t\t<div class=\"qodef-e-content\">\n\t\t\t<h5 itemprop=\"name\" class=\"qodef-e-title entry-title\" >\n\t<a itemprop=\"url\" class=\"qodef-e-title-link\" href=\"https:\/\/benoitmarsalone.com\/index.php\/portfolio-item\/plus-bas-que-le-ciel\/\">\n\t\tPlus Bas que le Ciel\t<\/a>\n<\/h5>\t\t\t<div class=\"qodef-e-info-category\">\n\t\t\t<a itemprop=\"url\" class=\"qodef-e-category\" href=\"https:\/\/benoitmarsalone.com\/index.php\/portfolio-category\/shorts\/\">\n\t\t\tShorts\t\t<\/a>\n\t<\/div>\n\t\t<\/div>\n\t<\/div>\n<\/article><article class=\"qodef-e qodef-grid-item post-4064 portfolio-item type-portfolio-item status-publish has-post-thumbnail hentry portfolio-category-shorts\">\n\t<div class=\"qodef-e-inner\" >\n\t\t<div class=\"qodef-e-image\">\n\t\t\t\t<div class=\"qodef-e-media-image\">\n\t\t<a itemprop=\"url\" href=\"https:\/\/benoitmarsalone.com\/index.php\/portfolio-item\/je-suis-tout-pret\/\">\n\t\t\t<img loading=\"lazy\" decoding=\"async\" width=\"1437\" height=\"900\" src=\"https:\/\/benoitmarsalone.com\/wp-content\/uploads\/2020\/08\/capture-de28099ecc81cran-2016-01-05-acc80-16.08.48.png\" class=\"attachment-full size-full wp-post-image\" alt=\"\" srcset=\"https:\/\/benoitmarsalone.com\/wp-content\/uploads\/2020\/08\/capture-de28099ecc81cran-2016-01-05-acc80-16.08.48.png 1437w, https:\/\/benoitmarsalone.com\/wp-content\/uploads\/2020\/08\/capture-de28099ecc81cran-2016-01-05-acc80-16.08.48-300x188.png 300w, https:\/\/benoitmarsalone.com\/wp-content\/uploads\/2020\/08\/capture-de28099ecc81cran-2016-01-05-acc80-16.08.48-1024x641.png 1024w, https:\/\/benoitmarsalone.com\/wp-content\/uploads\/2020\/08\/capture-de28099ecc81cran-2016-01-05-acc80-16.08.48-768x481.png 768w, https:\/\/benoitmarsalone.com\/wp-content\/uploads\/2020\/08\/capture-de28099ecc81cran-2016-01-05-acc80-16.08.48-600x376.png 600w\" sizes=\"(max-width: 1437px) 100vw, 1437px\" \/>\t\t<\/a>\n\t<\/div>\n\t\t<\/div>\n\t\t<div class=\"qodef-e-content\">\n\t\t\t<h5 itemprop=\"name\" class=\"qodef-e-title entry-title\" >\n\t<a itemprop=\"url\" class=\"qodef-e-title-link\" href=\"https:\/\/benoitmarsalone.com\/index.php\/portfolio-item\/je-suis-tout-pret\/\">\n\t\tJe suis tout pr\u00eat\t<\/a>\n<\/h5>\t\t\t<div class=\"qodef-e-info-category\">\n\t\t\t<a itemprop=\"url\" class=\"qodef-e-category\" href=\"https:\/\/benoitmarsalone.com\/index.php\/portfolio-category\/shorts\/\">\n\t\t\tShorts\t\t<\/a>\n\t<\/div>\n\t\t<\/div>\n\t<\/div>\n<\/article><article class=\"qodef-e qodef-grid-item post-4063 portfolio-item type-portfolio-item status-publish has-post-thumbnail hentry portfolio-category-shorts\">\n\t<div class=\"qodef-e-inner\" >\n\t\t<div class=\"qodef-e-image\">\n\t\t\t\t<div class=\"qodef-e-media-image\">\n\t\t<a itemprop=\"url\" href=\"https:\/\/benoitmarsalone.com\/index.php\/portfolio-item\/les-freres-revoltes\/\">\n\t\t\t<img loading=\"lazy\" decoding=\"async\" width=\"800\" height=\"360\" src=\"https:\/\/benoitmarsalone.com\/wp-content\/uploads\/2020\/08\/lesfreresrevoltes1.jpg\" class=\"attachment-full size-full wp-post-image\" alt=\"\" srcset=\"https:\/\/benoitmarsalone.com\/wp-content\/uploads\/2020\/08\/lesfreresrevoltes1.jpg 800w, https:\/\/benoitmarsalone.com\/wp-content\/uploads\/2020\/08\/lesfreresrevoltes1-300x135.jpg 300w, https:\/\/benoitmarsalone.com\/wp-content\/uploads\/2020\/08\/lesfreresrevoltes1-768x346.jpg 768w, https:\/\/benoitmarsalone.com\/wp-content\/uploads\/2020\/08\/lesfreresrevoltes1-600x270.jpg 600w\" sizes=\"(max-width: 800px) 100vw, 800px\" \/>\t\t<\/a>\n\t<\/div>\n\t\t<\/div>\n\t\t<div class=\"qodef-e-content\">\n\t\t\t<h5 itemprop=\"name\" class=\"qodef-e-title entry-title\" >\n\t<a itemprop=\"url\" class=\"qodef-e-title-link\" href=\"https:\/\/benoitmarsalone.com\/index.php\/portfolio-item\/les-freres-revoltes\/\">\n\t\tLes Fr\u00e8res R\u00e9volt\u00e9s\t<\/a>\n<\/h5>\t\t\t<div class=\"qodef-e-info-category\">\n\t\t\t<a itemprop=\"url\" class=\"qodef-e-category\" href=\"https:\/\/benoitmarsalone.com\/index.php\/portfolio-category\/shorts\/\">\n\t\t\tShorts\t\t<\/a>\n\t<\/div>\n\t\t<\/div>\n\t<\/div>\n<\/article><article class=\"qodef-e qodef-grid-item post-4062 portfolio-item type-portfolio-item status-publish has-post-thumbnail hentry portfolio-category-shorts\">\n\t<div class=\"qodef-e-inner\" >\n\t\t<div class=\"qodef-e-image\">\n\t\t\t\t<div class=\"qodef-e-media-image\">\n\t\t<a itemprop=\"url\" href=\"https:\/\/benoitmarsalone.com\/index.php\/portfolio-item\/de-profundis\/\">\n\t\t\t<img loading=\"lazy\" decoding=\"async\" width=\"1437\" height=\"898\" src=\"https:\/\/benoitmarsalone.com\/wp-content\/uploads\/2020\/08\/capture-de28099ecc81cran-2015-12-27-acc80-20.33.54.png\" class=\"attachment-full size-full wp-post-image\" alt=\"\" srcset=\"https:\/\/benoitmarsalone.com\/wp-content\/uploads\/2020\/08\/capture-de28099ecc81cran-2015-12-27-acc80-20.33.54.png 1437w, https:\/\/benoitmarsalone.com\/wp-content\/uploads\/2020\/08\/capture-de28099ecc81cran-2015-12-27-acc80-20.33.54-300x187.png 300w, https:\/\/benoitmarsalone.com\/wp-content\/uploads\/2020\/08\/capture-de28099ecc81cran-2015-12-27-acc80-20.33.54-1024x640.png 1024w, https:\/\/benoitmarsalone.com\/wp-content\/uploads\/2020\/08\/capture-de28099ecc81cran-2015-12-27-acc80-20.33.54-768x480.png 768w, https:\/\/benoitmarsalone.com\/wp-content\/uploads\/2020\/08\/capture-de28099ecc81cran-2015-12-27-acc80-20.33.54-600x375.png 600w\" sizes=\"(max-width: 1437px) 100vw, 1437px\" \/>\t\t<\/a>\n\t<\/div>\n\t\t<\/div>\n\t\t<div class=\"qodef-e-content\">\n\t\t\t<h5 itemprop=\"name\" class=\"qodef-e-title entry-title\" >\n\t<a itemprop=\"url\" class=\"qodef-e-title-link\" href=\"https:\/\/benoitmarsalone.com\/index.php\/portfolio-item\/de-profundis\/\">\n\t\tDe Profundis\t<\/a>\n<\/h5>\t\t\t<div class=\"qodef-e-info-category\">\n\t\t\t<a itemprop=\"url\" class=\"qodef-e-category\" href=\"https:\/\/benoitmarsalone.com\/index.php\/portfolio-category\/shorts\/\">\n\t\t\tShorts\t\t<\/a>\n\t<\/div>\n\t\t<\/div>\n\t<\/div>\n<\/article><article class=\"qodef-e qodef-grid-item post-4061 portfolio-item type-portfolio-item status-publish has-post-thumbnail hentry portfolio-category-shorts\">\n\t<div class=\"qodef-e-inner\" >\n\t\t<div class=\"qodef-e-image\">\n\t\t\t\t<div class=\"qodef-e-media-image\">\n\t\t<a itemprop=\"url\" href=\"https:\/\/benoitmarsalone.com\/index.php\/portfolio-item\/une-saveur\/\">\n\t\t\t<img loading=\"lazy\" decoding=\"async\" width=\"1439\" height=\"900\" src=\"https:\/\/benoitmarsalone.com\/wp-content\/uploads\/2020\/08\/capture-de28099ecc81cran-2015-12-27-acc80-20.34.48.png\" class=\"attachment-full size-full wp-post-image\" alt=\"\" srcset=\"https:\/\/benoitmarsalone.com\/wp-content\/uploads\/2020\/08\/capture-de28099ecc81cran-2015-12-27-acc80-20.34.48.png 1439w, https:\/\/benoitmarsalone.com\/wp-content\/uploads\/2020\/08\/capture-de28099ecc81cran-2015-12-27-acc80-20.34.48-300x188.png 300w, https:\/\/benoitmarsalone.com\/wp-content\/uploads\/2020\/08\/capture-de28099ecc81cran-2015-12-27-acc80-20.34.48-1024x640.png 1024w, https:\/\/benoitmarsalone.com\/wp-content\/uploads\/2020\/08\/capture-de28099ecc81cran-2015-12-27-acc80-20.34.48-768x480.png 768w, https:\/\/benoitmarsalone.com\/wp-content\/uploads\/2020\/08\/capture-de28099ecc81cran-2015-12-27-acc80-20.34.48-600x375.png 600w\" sizes=\"(max-width: 1439px) 100vw, 1439px\" \/>\t\t<\/a>\n\t<\/div>\n\t\t<\/div>\n\t\t<div class=\"qodef-e-content\">\n\t\t\t<h5 itemprop=\"name\" class=\"qodef-e-title entry-title\" >\n\t<a itemprop=\"url\" class=\"qodef-e-title-link\" href=\"https:\/\/benoitmarsalone.com\/index.php\/portfolio-item\/une-saveur\/\">\n\t\tUne Saveur\t<\/a>\n<\/h5>\t\t\t<div class=\"qodef-e-info-category\">\n\t\t\t<a itemprop=\"url\" class=\"qodef-e-category\" href=\"https:\/\/benoitmarsalone.com\/index.php\/portfolio-category\/shorts\/\">\n\t\t\tShorts\t\t<\/a>\n\t<\/div>\n\t\t<\/div>\n\t<\/div>\n<\/article><article class=\"qodef-e qodef-grid-item post-4009 portfolio-item type-portfolio-item status-publish has-post-thumbnail hentry portfolio-category-shorts\">\n\t<div class=\"qodef-e-inner\" >\n\t\t<div class=\"qodef-e-image\">\n\t\t\t\t<div class=\"qodef-e-media-image\">\n\t\t<a itemprop=\"url\" href=\"https:\/\/benoitmarsalone.com\/index.php\/portfolio-item\/the-fall-of-men\/\">\n\t\t\t<img loading=\"lazy\" decoding=\"async\" width=\"2560\" height=\"1092\" src=\"https:\/\/benoitmarsalone.com\/wp-content\/uploads\/2020\/08\/18056460_1220730298040037_747610692595061513_o.jpg\" class=\"attachment-full size-full wp-post-image\" alt=\"\" srcset=\"https:\/\/benoitmarsalone.com\/wp-content\/uploads\/2020\/08\/18056460_1220730298040037_747610692595061513_o.jpg 2560w, https:\/\/benoitmarsalone.com\/wp-content\/uploads\/2020\/08\/18056460_1220730298040037_747610692595061513_o-300x128.jpg 300w, https:\/\/benoitmarsalone.com\/wp-content\/uploads\/2020\/08\/18056460_1220730298040037_747610692595061513_o-1024x437.jpg 1024w, https:\/\/benoitmarsalone.com\/wp-content\/uploads\/2020\/08\/18056460_1220730298040037_747610692595061513_o-768x328.jpg 768w, https:\/\/benoitmarsalone.com\/wp-content\/uploads\/2020\/08\/18056460_1220730298040037_747610692595061513_o-1536x655.jpg 1536w, https:\/\/benoitmarsalone.com\/wp-content\/uploads\/2020\/08\/18056460_1220730298040037_747610692595061513_o-2048x874.jpg 2048w, https:\/\/benoitmarsalone.com\/wp-content\/uploads\/2020\/08\/18056460_1220730298040037_747610692595061513_o-600x256.jpg 600w\" sizes=\"(max-width: 2560px) 100vw, 2560px\" \/>\t\t<\/a>\n\t<\/div>\n\t\t<\/div>\n\t\t<div class=\"qodef-e-content\">\n\t\t\t<h5 itemprop=\"name\" class=\"qodef-e-title entry-title\" >\n\t<a itemprop=\"url\" class=\"qodef-e-title-link\" href=\"https:\/\/benoitmarsalone.com\/index.php\/portfolio-item\/the-fall-of-men\/\">\n\t\tThe Fall of Men\t<\/a>\n<\/h5>\t\t\t<div class=\"qodef-e-info-category\">\n\t\t\t<a itemprop=\"url\" class=\"qodef-e-category\" href=\"https:\/\/benoitmarsalone.com\/index.php\/portfolio-category\/shorts\/\">\n\t\t\tShorts\t\t<\/a>\n\t<\/div>\n\t\t<\/div>\n\t<\/div>\n<\/article>\t<\/div>\n\t<\/div>\t\t<\/div>\n\t\t\t\t<\/div>\n\t\t\t\t\t\t<\/div>\n\t\t\t\t\t<\/div>\n\t\t<\/div>\n\t\t\t\t\t\t\t\t<\/div>\n\t\t\t\t\t<\/div>\n\t\t<\/section>\n\t\t\t\t\t\t\t\t\t<\/div>\n\t\t\t<\/div>\n\t\t\t\t\t<\/div>\n\t\t","protected":false},"excerpt":{"rendered":"<p>Short Movies Portfolio D&#8217;un Commun Accord Shorts L&#8217;Oiseau Rare Shorts Beyond Shorts Plus Bas que le Ciel Shorts Je suis tout pr\u00eat Shorts Les Fr\u00e8res R\u00e9volt\u00e9s Shorts De Profundis Shorts Une Saveur Shorts The Fall of Men Shorts<\/p>\n","protected":false},"author":1,"featured_media":0,"parent":0,"menu_order":0,"comment_status":"closed","ping_status":"closed","template":"","meta":{"footnotes":""},"class_list":["post-4087","page","type-page","status-publish","hentry"],"_links":{"self":[{"href":"https:\/\/benoitmarsalone.com\/index.php\/wp-json\/wp\/v2\/pages\/4087"}],"collection":[{"href":"https:\/\/benoitmarsalone.com\/index.php\/wp-json\/wp\/v2\/pages"}],"about":[{"href":"https:\/\/benoitmarsalone.com\/index.php\/wp-json\/wp\/v2\/types\/page"}],"author":[{"embeddable":true,"href":"https:\/\/benoitmarsalone.com\/index.php\/wp-json\/wp\/v2\/users\/1"}],"replies":[{"embeddable":true,"href":"https:\/\/benoitmarsalone.com\/index.php\/wp-json\/wp\/v2\/comments?post=4087"}],"version-history":[{"count":10,"href":"https:\/\/benoitmarsalone.com\/index.php\/wp-json\/wp\/v2\/pages\/4087\/revisions"}],"predecessor-version":[{"id":4413,"href":"https:\/\/benoitmarsalone.com\/index.php\/wp-json\/wp\/v2\/pages\/4087\/revisions\/4413"}],"wp:attachment":[{"href":"https:\/\/benoitmarsalone.com\/index.php\/wp-json\/wp\/v2\/media?parent=4087"}],"curies":[{"name":"wp","href":"https:\/\/api.w.org\/{rel}","templated":true}]}}